{"id":82128,"date":"2020-08-05T17:16:27","date_gmt":"2020-08-05T16:16:27","guid":{"rendered":"https:\/\/veganuary.com\/privacy-policy\/"},"modified":"2024-01-08T12:52:03","modified_gmt":"2024-01-08T12:52:03","slug":"privacy-notice","status":"publish","type":"page","link":"https:\/\/veganuary.app\/it\/privacy-notice\/","title":{"rendered":"Privacy Notice"},"content":{"rendered":"\n<div class=\"masthead\">\n\t<div class=\"container\">\n\t\t<div class=\"row\">\n\t\t\t<div class=\"col-md-10 offset-md-1 col-lg-8 offset-lg-2 col-xl-6 offset-xl-3\">\n\n\t\t\t\t<h1 class=\"masthead__title\">INFORMATIVA SULLA PRIVACY<\/h1>\n\n\t\t\t\t\n\t\t\t<\/div>\n\t\t<\/div>\n\t<\/div>\n<\/div>\n\n\n\n<div class=\"wp-block-group is-layout-flow wp-block-group-is-layout-flow\"><div class=\"wp-block-group__inner-container\">\n<h2 class=\"wp-block-heading\">Introduzione<\/h2>\n\n\n\n<p>Veganuary&nbsp;si impegna&nbsp;a proteggere la tua privacy e a tenere riservati i dati personali che ci fornisci, conformemente alle leggi britanniche sulla protezione dei dati. Questa Informativa sulla privacy definisce le attivit\u00e0 di trattamento dei dati svolte da Veganuary, che \u00e8 il titolare del trattamento.<\/p>\n\n\n\n<p>Tutti i dati personali raccolti da Veganuary vengono trattati in conformit\u00e0 del regolamento generale sulla protezione dei dati del Regno Unito, del regolamento sulla privacy e sulle comunicazioni elettroniche (PECR) del 2003 e della legge britannica sulla protezione dei dati del 2018. Laddove opportuno, Veganuary garantir\u00e0 un\u2019adeguata tutela dei tuoi diritti e delle tue libert\u00e0 quando i dati vengono trasferiti al di fuori del Regno Unito.<\/p>\n\n\n\n<h2 class=\"wp-block-heading\"><strong><strong>Domande frequenti:<\/strong><\/strong><\/h2>\n\n\n\n<p><strong><em>Quali dati trattiamo e perch\u00e9?\u202f<\/em>&nbsp;<br><\/strong>In Veganuary, trattiamo alcuni tuoi dati personali per fornirti informazioni via e-mail sulle nostre campagne, sulle ricette attuali e su novit\u00e0 entusiasmanti.&nbsp;<\/p>\n\n\n\n<p><strong><em>Quali dati personali dobbiamo trattare per condividere queste e-mail con te?\u202f<\/em>&nbsp;<br><\/strong>Il tuo nome, indirizzo e-mail, paese di residenza e le tue preferenze di marketing.&nbsp;<\/p>\n\n\n\n<p><strong><em>Cosa succede se non accetto di ricevere le e-mail di Veganuary?\u202f\u202f<\/em>&nbsp;<br><\/strong>Se non accetti, non potremo condividere novit\u00e0 e ricette con te.&nbsp;<\/p>\n\n\n\n<p><strong><em>Cosa succede se accetto ma dopo cambio idea?\u202f<\/em>&nbsp;<br><\/strong>Se cambi idea e non vuoi pi\u00f9 ricevere le nostre e-mail n\u00e9 consentire il trattamento dei tuoi dati, hai il diritto di revocare il consenso, conformemente alla legge sulla protezione dei dati vigente.\u202f\u202fIn questo caso, clicca sul tasto \u201ccancella l\u2019iscrizione\u201d che trovi in fondo a ogni nostra e-mail o scrivi alla squadra Veganuary all\u2019indirizzo&nbsp;<a href=\"mailto:info@veganuary.com\">info@veganuary.com<\/a>.\u202fUna volta registrata la tua richiesta, non ti invieremo pi\u00f9 e-mail.&nbsp;<\/p>\n\n\n\n<h2 class=\"wp-block-heading\"><strong>Dati sui bambini<\/strong><\/h2>\n\n\n\n<p>Abbiamo a cuore la tua privacy e vogliamo tenere i tuoi dati personali al sicuro. I dati personali sono quelli che permettono di identificarti, come il tuo nome, il tuo compleanno o il tuo indirizzo. Raccogliamo e usiamo dati personali solo quando abbiamo un buon motivo per farlo e il tuo consenso, o quello dei tuoi genitori. Se hai meno di 13&nbsp;anni, devi avere il consenso dei tuoi genitori o del tuo tutore prima di condividere i tuoi dati personali con noi.<\/p>\n\n\n\n<p>Se hai tra 13&nbsp;e&nbsp;18&nbsp;anni, chiediamo il consenso a te salvo se abbiamo un altro buon motivo per raccogliere o usare i tuoi dati personali. Ti diremo sempre quali dati raccogliamo, perch\u00e9 li raccogliamo e con chi li condividiamo. Hai il diritto di vedere, cambiare o cancellare i tuoi dati personali in qualsiasi momento. Puoi anche chiederci di non raccogliere o usare pi\u00f9 i tuoi dati personali. Ci assicureremo che il nostro sito Internet sia sicuro da usare e ci assicureremo di non raccogliere n\u00e9 tenere pi\u00f9 dati del necessario. Non tracceremo la tua posizione n\u00e9 faremo ipotesi su di te sulla base dei tuoi dati, salvo se ci dai il tuo consenso e abbiamo un buon motivo per farlo.<\/p>\n\n\n\n<p>Se hai domande, o vuoi pi\u00f9 informazioni riguardo a come conserviamo o usiamo i tuoi dati personali, contattaci all\u2019indirizzo&nbsp;<a href=\"mailto:info@veganuary.com\">info@veganuary.com<\/a>.<\/p>\n\n\n\n<h2 class=\"wp-block-heading\"><strong>Dati personali trattati da Veganuary<\/strong><\/h2>\n\n\n\n<p>Veganuary tratter\u00e0 i tuoi dati personali solo se abbiamo:<\/p>\n\n\n\n<ul>\n<li>un \u201cinteresse legittimo\u201d per sostenere i nostri scopi benefici. Useremo i dati in modo equo e bilanciato senza mai ledere i tuoi diritti;<\/li>\n\n\n\n<li>un contratto con te che possiamo rispettare solo usando i tuoi dati personali, ad esempio per inviarti un articolo che hai richiesto o acquistato;<\/li>\n\n\n\n<li>il tuo consenso a riguardo;<\/li>\n\n\n\n<li>un obbligo di legge di usare o comunicare i tuoi dati personali, ad esempio tenere un registro delle donazioni che riceviamo attraverso Gift Aid.<\/li>\n<\/ul>\n\n\n\n<p>La tabella qui sotto indica i tipi di dati personali che usiamo, per cosa li usiamo e le basi giuridiche del trattamento.<\/p>\n\n\n\n<figure class=\"wp-block-table privacy-table\"><table class=\"has-fixed-layout\"><thead><tr><th>Tipo di dati<\/th><th>Scopo<\/th><th>Base giuridica del trattamento<\/th><\/tr><\/thead><tbody><tr><td>Nome del donatore, dati di contatto e storico delle donazioni. Se opportuno, possiamo chiederti il motivo della donazione e i tuoi specifici interessi verso il lavoro di Veganuary.&nbsp;<\/td><td>Gestire le donazioni e sostenere la raccolta fondi, incluso Gift Aid.&nbsp;<br>Fornirti i servizi, i prodotti o le informazioni che hai chiesto.&nbsp;<br>Tenere un registro delle tue donazioni.&nbsp;<br>Capire meglio i tuoi interessi per personalizzare le nostre comunicazioni e il nostro rapporto con te e offrirti un servizio migliore.&nbsp;<br>Marketing diretto.&nbsp;<br>Individuare i donatori conosciuti e quelli che possono avere un interesse a donare in futuro.&nbsp;<br>Analizzare i modelli di donazione.&nbsp;<\/td><td>Interesse legittimo: raccogliere donazioni, gestire e mantenere la nostra base di sostenitori e garantire una raccolta fondi sostenibile.&nbsp;<br>Consenso: contattarti per finalit\u00e0 di marketing diretto, ma solo dopo aver ottenuto il tuo consenso.<br>Obbligo di legge: trattare i dati come previsto dalla legge. Ad esempio, siamo obbligati a trasmettere i dati sulle tue donazioni all\u2019HMRC [l\u2019agenzia delle entrate britannica] per motivi fiscali.<\/td><\/tr><tr><td>Dati bancari e di pagamento del donatore.<\/td><td>Elaborare le donazioni e gli ordini delle merci Veganuary.<\/td><td>Finalit\u00e0 contrattuali.<\/td><\/tr><tr><td>Pagamenti degli acquisti sul nostro negozio online.<\/td><td>Seguire problemi relativi a un tuo ordine.<\/td><td>Finalit\u00e0 contrattuali e obblighi di legge (ad es. la legge britannica sui diritti del consumatore del&nbsp;2015).<\/td><\/tr><tr><td>Attivit\u00e0 di raccolta fondi che hai organizzato<\/td><td>Registrare il ricavato ottenuto tramite ogni evento\/metodo di raccolta fondi.<\/td><td>Interesse legittimo: analizzare quali tipi di eventi generano pi\u00f9 ricavi e individuare i sostenitori che possono aiutarci meglio a organizzare eventi e raccogliere donazioni.<\/td><\/tr><tr><td>Storico del tuo volontariato (incluse le attivit\u00e0 alle quali hai partecipato, numero di ore svolte)<\/td><td>Individuare i tipi di eventi\/metodi di volontariato pi\u00f9 efficaci.<\/td><td>Interesse legittimo: analizzare quali tipi di attivit\u00e0 sono pi\u00f9 efficaci e individuare i volontari pi\u00f9 capaci di aiutarci a organizzare eventi e raccogliere donazioni.<\/td><\/tr><tr><td>Preferenze di marketing<\/td><td>Fornire materiali di marketing come le nostre newsletter o prendere nota di preferenze particolari<\/td><td>Interesse legittimo: rispettare le leggi sul marking elettronico (il regolamento sulla privacy e sulle comunicazioni elettroniche del&nbsp;2023).<\/td><\/tr><tr><td>Informazioni contenute nei profili Social<\/td><td>Trovare sui Social network persone come te, che possiamo raggiungere con il nostro messaggio.<br>Contattare persone nelle aziende che possono essere interessate a sostenere Veganuary.<\/td><td>Interesse legittimo: far crescere l\u2019impegno della nostra azienda per raggiungere le persone che possono essere interessate ai nostri obiettivi.<\/td><\/tr><tr><td>Dati relativi a richieste o lamentele inviate a Veganuary<\/td><td>Rispondere alle richieste ed esaminare e risolvere i problemi.<br>Capire come possiamo migliorare i nostri servizi, prodotti e le nostre informazioni.<\/td><td>Interesse legittimo: individuare aree in cui possiamo migliorare il servizio che forniamo.<\/td><\/tr><tr><td>Modulo Gift Aid<\/td><td>Assolvere gli obblighi fiscali e recuperare la quota Gift Aid dall\u2019HRMC<\/td><td>Obbligo di legge.<\/td><\/tr><tr><td>Uso di Chatbot&nbsp;<\/td><td>Ricevere le tue domande e poterti ricontattare in merito.<\/td><td>Consenso.<\/td><\/tr><tr><td>Conversazioni che hai con noi, tra cui telefonate, lettere, e-mail, messaggi istantanei (chat), videochiamate e altro<\/td><td>Usare le registrazioni per verificare le istruzioni che ci fornisci, valutare, analizzare e migliorare il nostro servizio e formare il nostro personale.<\/td><td>Interesse legittimo: analizzare e migliorare il servizio che forniamo ai nostri sostenitori.<\/td><\/tr><\/tbody><\/table><\/figure>\n\n\n\n<p><\/p>\n\n\n\n<p>Quando trattiamo i dati sulla base di un interesse legittimo, valutiamo quanto quel trattamento \u00e8 necessario per un ente di beneficenza come noi e quale impatto pu\u00f2 avere su di te. Ad esempio, gli strumenti di analitica del web non rappresentano un rischio per te, anzi offrono benefici dimostrabili a te e a Veganuary dal momento che ci permettono di migliorare la tua esperienza futura sul sito Veganuary.<\/p>\n\n\n\n<p>Ti informeremo se i dati personali sono richiesti per un obbligo di legge o contrattuale, o necessari per sottoscrivere un contratto con noi e le possibili conseguenze se non fornisci i dati richiesti.<\/p>\n\n\n\n<h2 class=\"wp-block-heading\"><strong>Come raccogliamo i tuoi dati personali<\/strong><\/h2>\n\n\n\n<p>Otteniamo informazioni su di te nei seguenti modi:<\/p>\n\n\n\n<figure class=\"wp-block-table privacy-table\"><table class=\"has-fixed-layout\"><thead><tr><th>Fonte&nbsp;<\/th><th>Ulteriori informazioni<\/th><\/tr><\/thead><tbody><tr><td>Dati che ci fornisci direttamente<\/td><td>Ad esempio, possiamo ottenere informazioni su di te quando ti iscrivi a Veganuary, fai una donazione o acquisti un articolo dal negozio online di Veganuary.<\/td><\/tr><tr><td>Dati obbligatori<\/td><td>In alcune circostanze, pu\u00f2 essere obbligatorio raccogliere e trattare alcuni tuoi dati personali per fornire il servizio o l\u2019assistenza che stai cercando. Ad esempio, possiamo raccogliere i dati di pagamento e il tuo indirizzo quando acquisti prodotti sul negozio online Veganuary.<\/td><\/tr><tr><td>Dati che ci fornisci indirettamente<\/td><td>I tuoi dati possono essere condivisi con noi da terzi (ad es., le piattaforme di raccolta fondi come JustGiving) se hai dato loro il consenso a tal fine o se tra noi e loro c\u2019\u00e8 un accordo\/contratto in atto.<\/td><\/tr><tr><td>Quando visiti questo sito Internet<\/td><td>Raccogliamo e usiamo i tuoi dati personali attraverso l\u2019uso dei cookies sul tuo sito Internet. Puoi attivare\/disattivare alcuni di questi cookies selezionando le tue preferenze nella finestra che compare la prima volta che navighi sul sito. Per saperne di pi\u00f9 sui cookies, leggi la sezione \u201cUso dei cookies\u201d qui sotto.<\/td><\/tr><tr><td>Social network<\/td><td>Quando interagisci con noi sulle piattaforme social come Facebook e Twitter, possiamo ottenere informazioni su di te (ad esempio, quando ci tagghi pubblicamente in una foto evento). Le informazioni che riceviamo dipendono dalle preferenze sulla privacy che hai impostato su tali piattaforme. Se interagisci con noi in questo modo, ti invitiamo a leggere la politica sulla privacy della\/e piattaforma\/e social che usi.<\/td><\/tr><tr><td>Informazioni pubbliche<\/td><td>Integriamo i dati sui sostenitori potenziali o attuali con informazioni da fonti pubblicamente disponibili come i siti Internet di aziende, i profili social pubblici, Google e il Registro delle Imprese britannico (<em>Companies House<\/em>) per comprendere meglio gli interessi e il supporto di tali sostenitori. Per saperne di pi\u00f9, leggi la sezione qui sotto \u201cUsiamo i tuoi dati personali per personalizzare il nostro lavoro\u201d.<\/td><\/tr><tr><td>Chatbot<\/td><td>Se accetti di ricevere comunicazioni e risposte tramite Chatbot, raccoglieremo il tuo nome e indirizzo e-mail. Qualsiasi dato fornisci nei campi a testo libero sar\u00e0 trattato da Veganuary in linea con la presente informativa sulla privacy.<\/td><\/tr><\/tbody><\/table><\/figure>\n\n\n\n<p><\/p>\n\n\n\n<h2 class=\"wp-block-heading\"><strong><strong>Con chi condividiamo i tuoi dati personali<\/strong><\/strong><\/h2>\n\n\n\n<p>Veganuary condivide i dati personali con un certo numero di organizzazioni esterne.<\/p>\n\n\n\n<figure class=\"wp-block-table privacy-table\"><table class=\"has-fixed-layout\"><thead><tr><th>Destinatario\/Categoria dell\u2019organizzazione<\/th><th>Scopo della condivisione<\/th><\/tr><\/thead><tbody><tr><td>Aziende di assistenza informatica<\/td><td>Possiamo condividere i dati sulla raccolta fondi con un\u2019azienda di assistenza informatica per permettere alla stessa di esaminare eventuali problemi con i software.<\/td><\/tr><tr><td>Avvocati<\/td><td>Possiamo condividere i dati personali con avvocati al fine di ottenere consulenza o assistenza legale.<\/td><\/tr><tr><td>Consulenti in protezione dei dati<\/td><td>Possiamo condividere i dati personali con un consulente specializzato in protezione dei dati quando cerchiamo assistenza in materia.<\/td><\/tr><tr><td>Fornitori di piattaforme software<\/td><td>Usiamo aziende esterne per ospitare i database sui nostri sostenitori.<\/td><\/tr><tr><td>Organizzazioni partner<\/td><td>Possiamo condividere i dati personali con organizzazioni partner quando arrivi sul sito di Veganuary attraverso il sito di un altro gruppo non profit con il quale collaboriamo. Ti chiederemo se possiamo condividere i tuoi dati con quel gruppo, e lo faremo solo se ci dai il tuo consenso.<\/td><\/tr><tr><td>Fornitori di stampa su richiesta<\/td><td>Usiamo un fornitore di stampa su richiesta per elaborare gli ordini ricevuti dal negozio online Veganuary.<\/td><\/tr><tr><td>Organizzatori di eventi<\/td><td>Se ci hai comunicato di voler partecipare a eventi per la raccolta fondi a favore di Veganuary, possiamo condividere i tuoi contatti con gli organizzatori degli eventi affinch\u00e9 possano fornirti maggiori informazioni a riguardo, inclusi i dettagli per l\u2019iscrizione.<\/td><\/tr><tr><td>Internet e social network<\/td><td>Carichiamo i contenuti sul sito Internet e sulle pagine Facebook e LinkedIn di Veganuary per promuovere i nostri interessi commerciali e di marketing.<\/td><\/tr><tr><td>Corrieri<\/td><td>Usiamo dei corrieri per spedire gli articoli che hai ordinato sul negozio online.&nbsp;<\/td><\/tr><tr><td>Fornitore di servizi di pagamento online sicuri<\/td><td>Usiamo un fornitore di servizi di pagamento sicuro per elaborare i dati della tua carta di credito e della tua banca quando fai una donazione a Veganuary o acquisti i nostri prodotti.<\/td><\/tr><tr><td>HMRC [agenzia delle entrate britannica]<\/td><td>Se hai fatto una dichiarazione Gift Aid, trasmetteremo i dati all\u2019HMRC per recuperare la quota che ci spetta.<\/td><\/tr><\/tbody><\/table><\/figure>\n\n\n\n<p><\/p>\n\n\n\n<p>Garantiamo di avere in atto contratti per il trattamento dei dati con tutte le aziende che eseguono il trattamento dei dati per nostro conto.&nbsp;<\/p>\n\n\n\n<h2 class=\"wp-block-heading\"><strong><strong>Trasferimenti di dati internazionali<\/strong><\/strong><\/h2>\n\n\n\n<p>Possiamo trasferire i dati personali al di fuori del Regno Unito. In questo caso, garantiremo ogni volta di aver preso misure volte a fornire garanzie adeguate,&nbsp;basandoci sulle norme di adeguatezza del Regno Unito&nbsp;,&nbsp;clausole contrattuali standard, accordi per i trasferimenti dei dati all\u2019estero o altri meccanismi consentiti dalla legge. Per saperne di pi\u00f9 a riguardo, puoi contattarci.<\/p>\n\n\n\n<p>Possiamo anche trasferire i tuoi dati personali all\u2019estero se hai fornito il tuo consenso a riguardo, come ad esempio condividere i tuoi dati personali con l\u2019organizzazione partner che ti ha indirizzato a Veganuary. I dati personali tenuti dai nostri partner sono protetti dalle leggi in vigore nei paesi in cui gli stessi hanno sede, le quali possono non garantire lo stesso livello di protezione delle leggi britanniche.<\/p>\n\n\n\n<h2 class=\"wp-block-heading\"><strong><strong>Per quanto tempo terremo i tuoi dati personali?<\/strong><\/strong><\/h2>\n\n\n\n<p>Teniamo i tuoi dati personali per il tempo necessario a raggiungere la\/e&nbsp;finalit\u00e0 per cui sono stati raccolti, o secondo quanto previsto dalla legge.<\/p>\n\n\n\n<p>Se hai gi\u00e0 fatto una donazione a Veganuary, conserveremo le informazioni che mostrano il tuo rapporto con noi, come lo storico delle tue donazioni, per tutta la durata di vita dell\u2019ente di beneficenza. E conserveremo le informazioni sul tuo rapporto con noi per l\u2019intera durata di vita dell\u2019ente di beneficenza se hai preso l\u2019impegno di lasciarci una donazione nel tuo Testamento o hai chiesto informazioni a riguardo.<\/p>\n\n\n\n<p>Se non hai mai fatto una donazione, preso l\u2019impegno di lasciarci una donazione nel tuo Testamento o chiesto informazioni a riguardo, terremo i tuoi personali per non pi\u00f9 di cinque anni dall\u2019ultima volta che hai interagito con noi.<\/p>\n\n\n\n<p>Quando i tuoi dati personali non serviranno pi\u00f9, verranno cancellati o anonimizzati.<\/p>\n\n\n\n<h2 class=\"wp-block-heading\"><strong><strong>Come e quando ti contatteremo<\/strong><\/strong><\/h2>\n\n\n\n<p>Possiamo usare i tuoi contatti per aggiornarti sulle attivit\u00e0 Veganuary, sulle nostre raccolte fondi e altre opportunit\u00e0 per sostenerti e per chiedere la tua opinione.<\/p>\n\n\n\n<p><strong>E-mail<\/strong><br>Ti invieremo comunicazioni di marketing e per la raccolta fondi via e-mail solo se prima ci hai dato il tuo consenso. Questo non vale per le comunicazioni di servizio (v. sotto).<\/p>\n\n\n\n<p>Ti chiederemo sempre di poterti contattare sui nostri prodotti e servizi, ad esempio quando:<\/p>\n\n\n\n<ul>\n<li>fai una donazione&nbsp;<\/li>\n\n\n\n<li>raccogli fondi per noi<\/li>\n\n\n\n<li>acquisti un articolo dal negozio online di Veganuary.<\/li>\n<\/ul>\n\n\n\n<p>Puoi scegliere in qualsiasi momento di non ricevere le nostre comunicazioni di marketing cliccando sul link \u201ccancella l\u2019iscrizione\u201d presente in ogni nostra e-mail o scrivendo a&nbsp;<a href=\"mailto:database@veganuary.com\">database@veganuary.com<\/a>.<\/p>\n\n\n\n<p><strong>Comunicazioni di servizio<\/strong><br>Possiamo inviarti alcune comunicazioni di servizio, senza il tuo consenso, se abbiamo un obbligo di legge in tal senso; se riteniamo che inviarti la comunicazione \u00e8 nel tuo interesse e anche nel nostro; e\/o se riteniamo che non inviarti la comunicazione sarebbe svantaggioso per te, come \u00e8 il caso della ricevuta della donazione. Tali comunicazioni contengono pixel di tracciamento o tecnologie simili che servono solo a monitorare le percentuali di apertura delle e-mail.<\/p>\n\n\n\n<p>Queste comunicazioni possono comprendere:<\/p>\n\n\n\n<ul>\n<li>e-mail di \u201cringraziamento\u201d per confermare che abbiamo ricevuto le donazioni che hai gentilmente fatto online.<\/li>\n\n\n\n<li>conferme degli ordini.<\/li>\n<\/ul>\n\n\n\n<h2 class=\"wp-block-heading\"><strong>I tuoi diritti<\/strong><\/h2>\n\n\n\n<p>I tuoi \u201cDiritti personali\u201d di scegliere come vengono usati e conservati i tuoi dati personali sono definiti dalle leggi britanniche sulla protezione dei dati. Per esercitarli, scrivi a&nbsp;<a href=\"mailto:database@veganuary.com\">database@veganuary.com<\/a>.<\/p>\n\n\n\n<p>Hai il diritto di:<\/p>\n\n\n\n<ul>\n<li>sapere come vengono usati i tuoi dati personali<\/li>\n\n\n\n<li>accedere ai tuoi dati personali presenti nei database di Veganuary<\/li>\n\n\n\n<li>far modificare i tuoi dati personali se sono inaccurati o incompleti&nbsp;<\/li>\n\n\n\n<li>opporti al trattamento dei tuoi dati personali<\/li>\n\n\n\n<li>in alcuni casi, chiedere di cancellare i tuoi dati personali o limitare il trattamento. In base alla finalit\u00e0 del trattamento, i dati verranno cancellati completamente o in parte. Possono esserci dei casi in cui potremo limitare il trattamento dei tuoi dati personali, ma non potremo cancellarli<\/li>\n\n\n\n<li>ottenere e riutilizzare i tuoi dati personali per le tue finalit\u00e0 (attraverso delle copie o un trasferimento)<\/li>\n\n\n\n<li>non essere soggetto di una decisione basata sulla profilazione o sul trattamento automatizzato che pu\u00f2 comportare conseguenze giuridiche negative per te o causarti un danno importante<\/li>\n\n\n\n<li>revocare in qualsiasi momento il consenso che hai dato in precedenza (ad esempio, puoi scegliere di non ricevere pi\u00f9 comunicazioni di marketing usando il link \u201ccancella l\u2019iscrizione\u201d in fondo alle nostre e-mail).<\/li>\n<\/ul>\n\n\n\n<p><\/p>\n\n\n\n<h2 class=\"wp-block-heading\"><strong><strong>Fare un reclamo<\/strong><\/strong><\/h2>\n\n\n\n<p>Se hai domande o preoccupazioni su come possiamo trattare i tuoi dati, prima di tutto scrivici a&nbsp;<a href=\"mailto:info@veganuary.com\">info@veganuary.com<\/a><\/p>\n\n\n\n<p>Per saperne di pi\u00f9 sui tuoi diritti in materia di protezione dei dati, segnalare un problema o fare un reclamo, contatta l\u2019<a href=\"https:\/\/ico.org.uk\/concerns\/\">Information Commissioner\u2019s Office<\/a>&nbsp;del Regno Unito (tel.: 0303&nbsp;123&nbsp;1113).&nbsp;<\/p>\n\n\n\n<h2 class=\"wp-block-heading\"><strong><strong>Uso dei \u201ccookies\u201d<\/strong><\/strong><\/h2>\n\n\n\n<p>Come molti altri siti Internet, anche questo sito usa i cookies. I \u201ccookies\u201d sono dei piccoli file di testo inviati da un sito Internet sul tuo computer e conservati nel tuo hard disk per permettere a quel sito di riconoscerti alle visite successive. Ad esempio, usiamo i cookies per memorizzare le tue preferenze sul paese. Questo ci aiuta a offrire un servizio pi\u00f9 personalizzato quando navighi sul nostro sito Internet e migliora i nostri servizi.<\/p>\n\n\n\n<p>Puoi disattivare i cookies dalle preferenze del tuo browser. Per saperne di pi\u00f9 su come disattivare i cookies sul tuo PC, leggi la nostra politica completa&nbsp;[<a href=\"https:\/\/veganuary.com\/it\/cookies-policy\/\">QUI<\/a>].&nbsp;Se disattivi i cookies, non potrai usufruire di alcune funzionalit\u00e0 del nostro sito Internet.<\/p>\n\n\n\n<p>Le tecnologie per il tracciamento dei cookies e simili vengono usate anche nelle e-mail che ti inviamo, se scegli di ricevere le nostre comunicazioni. Tali tecnologie servono a monitorare le percentuali di apertura delle e-mail e di click sui link che contengono. Possiamo usare questi dati sulle e-mail che ricevi da noi per personalizzare le comunicazioni che ti invieremo in futuro.&nbsp;<\/p>\n\n\n\n<p>Se vuoi revocare il tuo consenso all\u2019uso dei cookies nelle e-mail, clicca sul tasto \u201ccancella l\u2019iscrizione\u201d in fondo a ogni e-mail. Tuttavia, cos\u00ec, non riceverai pi\u00f9 le nostre comunicazioni perch\u00e9 ti cancelleremo dalla nostra mailing list il prima possibile.<\/p>\n\n\n\n<h2 class=\"wp-block-heading\"><strong><strong>Altri siti Internet<\/strong><\/strong><\/h2>\n\n\n\n<p>Non abbiamo nessun controllo sui siti Internet di altre organizzazioni al di fuori di Veganuary. Se quando navighi sul nostro sito Internet, clicchi su un link che ti porta a un altro sito, non possiamo essere ritenuti responsabili della tua privacy quando navighi su quel sito.<\/p>\n\n\n\n<p>Allo stesso modo, non possiamo essere ritenuti responsabili della tua privacy o di come vengono usati i tuoi dati quando interagisci con i contenuti di siti Internet o applicazioni di terzi, come i video di YouTube, integrati nel nostro sito.<\/p>\n\n\n\n<h2 class=\"wp-block-heading\"><strong><strong>Aggiornamenti dell\u2019Informativa sulla privacy<\/strong><\/strong><\/h2>\n\n\n\n<p>La presente Informativa sulla privacy pu\u00f2 essere modificata di tanto in tanto per riflettere eventuali cambiamenti o aggiornamenti di legge. L\u2019ultimo aggiornamento \u00e8 stato fatto nel mese di dicembre&nbsp;2023.<\/p>\n\n\n\n<h2 class=\"wp-block-heading\"><strong><strong>Contatti<\/strong><\/strong><\/h2>\n\n\n\n<p><strong>Indirizzo della sede legale<br><\/strong>Veganuary \u00e8 registrata come ente di beneficenza in Inghilterra e nel Galles (al n\u00b0&nbsp;1168566).<br>Veganuary<br>PO Box 771<br>YORK<br>YO1 0LJ<br><a href=\"mailto:info@veganuary.com\">info@veganuary.com<\/a><\/p>\n\n\n\n<p><strong>Responsabile della protezione dei dati<br><\/strong>URM Consulting Services Ltd<br>Blake House<br>Manor Farm Road<br>Reading&nbsp;<br>RG2 0JH<br><a href=\"http:\/\/www.urmconsulting.com\/\">www.urmconsulting.com<\/a><br>0118 206 5410<\/p>\n\n\n\n<p><\/p>\n<\/div><\/div>\n","protected":false},"excerpt":{"rendered":"<p>Introduzione Veganuary&nbsp;si impegna&nbsp;a proteggere la tua privacy e a tenere riservati i dati personali che ci fornisci, conformemente alle leggi&hellip;<\/p>\n","protected":false},"author":140,"featured_media":0,"parent":0,"menu_order":350,"comment_status":"closed","ping_status":"closed","template":"","meta":{"footnotes":""},"acf":[],"_links":{"self":[{"href":"https:\/\/veganuary.app\/it\/wp-json\/wp\/v2\/pages\/82128"}],"collection":[{"href":"https:\/\/veganuary.app\/it\/wp-json\/wp\/v2\/pages"}],"about":[{"href":"https:\/\/veganuary.app\/it\/wp-json\/wp\/v2\/types\/page"}],"author":[{"embeddable":true,"href":"https:\/\/veganuary.app\/it\/wp-json\/wp\/v2\/users\/140"}],"replies":[{"embeddable":true,"href":"https:\/\/veganuary.app\/it\/wp-json\/wp\/v2\/comments?post=82128"}],"version-history":[{"count":0,"href":"https:\/\/veganuary.app\/it\/wp-json\/wp\/v2\/pages\/82128\/revisions"}],"wp:attachment":[{"href":"https:\/\/veganuary.app\/it\/wp-json\/wp\/v2\/media?parent=82128"}],"curies":[{"name":"wp","href":"https:\/\/api.w.org\/{rel}","templated":true}]}}